{"id":944,"date":"2026-03-09T13:41:07","date_gmt":"2026-03-09T13:41:07","guid":{"rendered":"https:\/\/almasresonando.com\/online\/producto\/taller-herida-de-abandono\/"},"modified":"2026-03-14T02:23:06","modified_gmt":"2026-03-14T02:23:06","slug":"taller-herida-de-abandono","status":"publish","type":"product","link":"https:\/\/almasresonando.com\/online\/producto\/taller-herida-de-abandono\/","title":{"rendered":"Taller Herida de Abandono"},"content":{"rendered":"<p>Si el miedo a quedarte sola te lleva a tolerar m\u00e1s de lo que deber\u00edas o a depender emocionalmente de otros, es momento de sanar.<\/p>\n<p>Este taller te gu\u00eda a fortalecer tu seguridad interna para que elijas desde el amor y no desde el miedo a perder.<\/p>\n<p>&nbsp;<\/p>\n<hr \/>\n<p><span style=\"color: #ff0000;\"><strong><br \/>\nIMPORTANTE:<\/strong><\/span><\/p>\n<ul>\n<li><span style=\"color: #ff0000;\"><strong><em>No se realizan devoluciones, as\u00ed que debes estar segura.<\/em><\/strong><\/span><\/li>\n<li><span style=\"color: #ff0000;\"><strong><em> Los cupos no son transferibles.<\/em><\/strong><\/span><\/li>\n<li><span style=\"color: #ff0000;\"><strong><em>Al comprar el Curso o Taller tendr\u00e1s acceso a tu cuenta de estudiante con el correo que registraste el pago.<\/em><\/strong><\/span><\/li>\n<\/ul>\n","protected":false},"excerpt":{"rendered":"<p>Si el miedo a quedarte sola te lleva a tolerar m\u00e1s de lo que deber\u00edas o a depender emocionalmente de otros, es momento de sanar. Este taller te gu\u00eda a fortalecer tu seguridad interna para que elijas desde el amor y no desde el miedo a perder. &nbsp; IMPORTANTE: No se realizan devoluciones, as\u00ed que [&hellip;]<\/p>\n","protected":false},"featured_media":1265,"template":"","meta":[],"product_brand":[],"product_cat":[39],"product_tag":[],"class_list":{"0":"post-944","1":"product","2":"type-product","3":"status-publish","4":"has-post-thumbnail","6":"product_cat-talleres","8":"first","9":"instock","10":"virtual","11":"sold-individually","12":"purchasable","13":"product-type-simple"},"_links":{"self":[{"href":"https:\/\/almasresonando.com\/online\/wp-json\/wp\/v2\/product\/944","targetHints":{"allow":["GET"]}}],"collection":[{"href":"https:\/\/almasresonando.com\/online\/wp-json\/wp\/v2\/product"}],"about":[{"href":"https:\/\/almasresonando.com\/online\/wp-json\/wp\/v2\/types\/product"}],"wp:featuredmedia":[{"embeddable":true,"href":"https:\/\/almasresonando.com\/online\/wp-json\/wp\/v2\/media\/1265"}],"wp:attachment":[{"href":"https:\/\/almasresonando.com\/online\/wp-json\/wp\/v2\/media?parent=944"}],"wp:term":[{"taxonomy":"product_brand","embeddable":true,"href":"https:\/\/almasresonando.com\/online\/wp-json\/wp\/v2\/product_brand?post=944"},{"taxonomy":"product_cat","embeddable":true,"href":"https:\/\/almasresonando.com\/online\/wp-json\/wp\/v2\/product_cat?post=944"},{"taxonomy":"product_tag","embeddable":true,"href":"https:\/\/almasresonando.com\/online\/wp-json\/wp\/v2\/product_tag?post=944"}],"curies":[{"name":"wp","href":"https:\/\/api.w.org\/{rel}","templated":true}]}}