{"id":939,"date":"2026-03-09T13:38:13","date_gmt":"2026-03-09T13:38:13","guid":{"rendered":"https:\/\/almasresonando.com\/online\/producto\/taller-herida-de-humillacion\/"},"modified":"2026-03-14T02:23:27","modified_gmt":"2026-03-14T02:23:27","slug":"taller-herida-de-humillacion","status":"publish","type":"product","link":"https:\/\/almasresonando.com\/online\/producto\/taller-herida-de-humillacion\/","title":{"rendered":"Taller Herida de Humillaci\u00f3n"},"content":{"rendered":"<p>Si cargas con culpa constante, verg\u00fcenza o autoexigencia excesiva, puede que est\u00e9s viviendo desde esta herida.<\/p>\n<p>Aqu\u00ed aprender\u00e1s a liberarte del juicio interno y a recuperar tu dignidad emocional.<\/p>\n<p>&nbsp;<\/p>\n<hr \/>\n<p><span style=\"color: #ff0000;\"><strong><br \/>\nIMPORTANTE:<\/strong><\/span><\/p>\n<ul>\n<li><span style=\"color: #ff0000;\"><strong><em>No se realizan devoluciones, as\u00ed que debes estar segura.<\/em><\/strong><\/span><\/li>\n<li><span style=\"color: #ff0000;\"><strong><em> Los cupos no son transferibles.<\/em><\/strong><\/span><\/li>\n<li><span style=\"color: #ff0000;\"><strong><em>Al comprar el Curso o Taller tendr\u00e1s acceso a tu cuenta de estudiante con el correo que registraste el pago.<\/em><\/strong><\/span><\/li>\n<\/ul>\n","protected":false},"excerpt":{"rendered":"<p>Si cargas con culpa constante, verg\u00fcenza o autoexigencia excesiva, puede que est\u00e9s viviendo desde esta herida. Aqu\u00ed aprender\u00e1s a liberarte del juicio interno y a recuperar tu dignidad emocional. &nbsp; IMPORTANTE: No se realizan devoluciones, as\u00ed que debes estar segura. Los cupos no son transferibles. Al comprar el Curso o Taller tendr\u00e1s acceso a tu [&hellip;]<\/p>\n","protected":false},"featured_media":1266,"template":"","meta":[],"product_brand":[],"product_cat":[39],"product_tag":[],"class_list":{"0":"post-939","1":"product","2":"type-product","3":"status-publish","4":"has-post-thumbnail","6":"product_cat-talleres","8":"first","9":"instock","10":"virtual","11":"sold-individually","12":"purchasable","13":"product-type-simple"},"_links":{"self":[{"href":"https:\/\/almasresonando.com\/online\/wp-json\/wp\/v2\/product\/939","targetHints":{"allow":["GET"]}}],"collection":[{"href":"https:\/\/almasresonando.com\/online\/wp-json\/wp\/v2\/product"}],"about":[{"href":"https:\/\/almasresonando.com\/online\/wp-json\/wp\/v2\/types\/product"}],"wp:featuredmedia":[{"embeddable":true,"href":"https:\/\/almasresonando.com\/online\/wp-json\/wp\/v2\/media\/1266"}],"wp:attachment":[{"href":"https:\/\/almasresonando.com\/online\/wp-json\/wp\/v2\/media?parent=939"}],"wp:term":[{"taxonomy":"product_brand","embeddable":true,"href":"https:\/\/almasresonando.com\/online\/wp-json\/wp\/v2\/product_brand?post=939"},{"taxonomy":"product_cat","embeddable":true,"href":"https:\/\/almasresonando.com\/online\/wp-json\/wp\/v2\/product_cat?post=939"},{"taxonomy":"product_tag","embeddable":true,"href":"https:\/\/almasresonando.com\/online\/wp-json\/wp\/v2\/product_tag?post=939"}],"curies":[{"name":"wp","href":"https:\/\/api.w.org\/{rel}","templated":true}]}}