{"id":929,"date":"2026-03-09T13:27:33","date_gmt":"2026-03-09T13:27:33","guid":{"rendered":"https:\/\/almasresonando.com\/online\/producto\/taller-despierta-tu-intuicion-eres-tu-brujula\/"},"modified":"2026-03-14T02:24:17","modified_gmt":"2026-03-14T02:24:17","slug":"taller-despierta-tu-intuicion-eres-tu-brujula","status":"publish","type":"product","link":"https:\/\/almasresonando.com\/online\/producto\/taller-despierta-tu-intuicion-eres-tu-brujula\/","title":{"rendered":"Taller Despierta tu intuici\u00f3n eres tu br\u00fajula"},"content":{"rendered":"<p>Fortalece tu intuici\u00f3n y aprende a confiar en tu voz interna. Deja de dudar y comienza a tomar decisiones alineadas contigo.<\/p>\n<p>&nbsp;<\/p>\n<hr \/>\n<p><span style=\"color: #ff0000;\"><strong><br \/>\nIMPORTANTE:<\/strong><\/span><\/p>\n<ul>\n<li><span style=\"color: #ff0000;\"><strong><em>No se realizan devoluciones, as\u00ed que debes estar segura.<\/em><\/strong><\/span><\/li>\n<li><span style=\"color: #ff0000;\"><strong><em> Los cupos no son transferibles.<\/em><\/strong><\/span><\/li>\n<li><span style=\"color: #ff0000;\"><strong><em>Al comprar el Curso o Taller tendr\u00e1s acceso a tu cuenta de estudiante con el correo que registraste el pago.<\/em><\/strong><\/span><\/li>\n<\/ul>\n","protected":false},"excerpt":{"rendered":"<p>Fortalece tu intuici\u00f3n y aprende a confiar en tu voz interna. Deja de dudar y comienza a tomar decisiones alineadas contigo. &nbsp; IMPORTANTE: No se realizan devoluciones, as\u00ed que debes estar segura. Los cupos no son transferibles. Al comprar el Curso o Taller tendr\u00e1s acceso a tu cuenta de estudiante con el correo que registraste [&hellip;]<\/p>\n","protected":false},"featured_media":1263,"template":"","meta":[],"product_brand":[],"product_cat":[39],"product_tag":[],"class_list":{"0":"post-929","1":"product","2":"type-product","3":"status-publish","4":"has-post-thumbnail","6":"product_cat-talleres","8":"first","9":"instock","10":"virtual","11":"sold-individually","12":"purchasable","13":"product-type-simple"},"_links":{"self":[{"href":"https:\/\/almasresonando.com\/online\/wp-json\/wp\/v2\/product\/929","targetHints":{"allow":["GET"]}}],"collection":[{"href":"https:\/\/almasresonando.com\/online\/wp-json\/wp\/v2\/product"}],"about":[{"href":"https:\/\/almasresonando.com\/online\/wp-json\/wp\/v2\/types\/product"}],"wp:featuredmedia":[{"embeddable":true,"href":"https:\/\/almasresonando.com\/online\/wp-json\/wp\/v2\/media\/1263"}],"wp:attachment":[{"href":"https:\/\/almasresonando.com\/online\/wp-json\/wp\/v2\/media?parent=929"}],"wp:term":[{"taxonomy":"product_brand","embeddable":true,"href":"https:\/\/almasresonando.com\/online\/wp-json\/wp\/v2\/product_brand?post=929"},{"taxonomy":"product_cat","embeddable":true,"href":"https:\/\/almasresonando.com\/online\/wp-json\/wp\/v2\/product_cat?post=929"},{"taxonomy":"product_tag","embeddable":true,"href":"https:\/\/almasresonando.com\/online\/wp-json\/wp\/v2\/product_tag?post=929"}],"curies":[{"name":"wp","href":"https:\/\/api.w.org\/{rel}","templated":true}]}}