{"id":917,"date":"2026-03-09T13:18:16","date_gmt":"2026-03-09T13:18:16","guid":{"rendered":"https:\/\/almasresonando.com\/online\/producto\/taller-desapego-y-cierre\/"},"modified":"2026-03-14T02:25:09","modified_gmt":"2026-03-14T02:25:09","slug":"taller-desapego-y-cierre","status":"publish","type":"product","link":"https:\/\/almasresonando.com\/online\/producto\/taller-desapego-y-cierre\/","title":{"rendered":"Taller Desapego y Cierre"},"content":{"rendered":"<p>Un taller para soltar relaciones, situaciones y etapas que ya cumplieron su ciclo. Aprende a cerrar con paz y liberar tu energ\u00eda para comenzar de nuevo.<\/p>\n<p>&nbsp;<\/p>\n<hr \/>\n<p><span style=\"color: #ff0000;\"><strong><br \/>\nIMPORTANTE:<\/strong><\/span><\/p>\n<ul>\n<li><span style=\"color: #ff0000;\"><strong><em>No se realizan devoluciones, as\u00ed que debes estar segura.<\/em><\/strong><\/span><\/li>\n<li><span style=\"color: #ff0000;\"><strong><em> Los cupos no son transferibles.<\/em><\/strong><\/span><\/li>\n<li><span style=\"color: #ff0000;\"><strong><em>Al comprar el Curso o Taller tendr\u00e1s acceso a tu cuenta de estudiante con el correo que registraste el pago.<\/em><\/strong><\/span><\/li>\n<\/ul>\n","protected":false},"excerpt":{"rendered":"<p>Un taller para soltar relaciones, situaciones y etapas que ya cumplieron su ciclo. Aprende a cerrar con paz y liberar tu energ\u00eda para comenzar de nuevo. &nbsp; IMPORTANTE: No se realizan devoluciones, as\u00ed que debes estar segura. Los cupos no son transferibles. Al comprar el Curso o Taller tendr\u00e1s acceso a tu cuenta de estudiante [&hellip;]<\/p>\n","protected":false},"featured_media":1264,"template":"","meta":[],"product_brand":[],"product_cat":[39],"product_tag":[],"class_list":{"0":"post-917","1":"product","2":"type-product","3":"status-publish","4":"has-post-thumbnail","6":"product_cat-talleres","8":"first","9":"instock","10":"sold-individually","11":"shipping-taxable","12":"purchasable","13":"product-type-simple"},"_links":{"self":[{"href":"https:\/\/almasresonando.com\/online\/wp-json\/wp\/v2\/product\/917","targetHints":{"allow":["GET"]}}],"collection":[{"href":"https:\/\/almasresonando.com\/online\/wp-json\/wp\/v2\/product"}],"about":[{"href":"https:\/\/almasresonando.com\/online\/wp-json\/wp\/v2\/types\/product"}],"wp:featuredmedia":[{"embeddable":true,"href":"https:\/\/almasresonando.com\/online\/wp-json\/wp\/v2\/media\/1264"}],"wp:attachment":[{"href":"https:\/\/almasresonando.com\/online\/wp-json\/wp\/v2\/media?parent=917"}],"wp:term":[{"taxonomy":"product_brand","embeddable":true,"href":"https:\/\/almasresonando.com\/online\/wp-json\/wp\/v2\/product_brand?post=917"},{"taxonomy":"product_cat","embeddable":true,"href":"https:\/\/almasresonando.com\/online\/wp-json\/wp\/v2\/product_cat?post=917"},{"taxonomy":"product_tag","embeddable":true,"href":"https:\/\/almasresonando.com\/online\/wp-json\/wp\/v2\/product_tag?post=917"}],"curies":[{"name":"wp","href":"https:\/\/api.w.org\/{rel}","templated":true}]}}