{"id":907,"date":"2026-03-09T12:40:08","date_gmt":"2026-03-09T12:40:08","guid":{"rendered":"https:\/\/almasresonando.com\/online\/producto\/limpieza-energetica\/"},"modified":"2026-03-14T02:25:59","modified_gmt":"2026-03-14T02:25:59","slug":"limpieza-energetica","status":"publish","type":"product","link":"https:\/\/almasresonando.com\/online\/producto\/limpieza-energetica\/","title":{"rendered":"Taller Limpieza Energ\u00e9tica"},"content":{"rendered":"<p>Un espacio para liberar v\u00ednculos energ\u00e9ticos que drenan tu energ\u00eda y te mantienen atada al pasado. Recupera tu fuerza y tu claridad emocional.<\/p>\n<p>&nbsp;<\/p>\n<hr \/>\n<p><span style=\"color: #ff0000;\"><strong><br \/>\nIMPORTANTE:<\/strong><\/span><\/p>\n<ul>\n<li><span style=\"color: #ff0000;\"><strong><em>No se realizan devoluciones, as\u00ed que debes estar segura.<\/em><\/strong><\/span><\/li>\n<li><span style=\"color: #ff0000;\"><strong><em> Los cupos no son transferibles.<\/em><\/strong><\/span><\/li>\n<li><span style=\"color: #ff0000;\"><strong><em>Al comprar el Curso o Taller tendr\u00e1s acceso a tu cuenta de estudiante con el correo que registraste el pago.<\/em><\/strong><\/span><\/li>\n<\/ul>\n","protected":false},"excerpt":{"rendered":"<p>Un espacio para liberar v\u00ednculos energ\u00e9ticos que drenan tu energ\u00eda y te mantienen atada al pasado. Recupera tu fuerza y tu claridad emocional. &nbsp; IMPORTANTE: No se realizan devoluciones, as\u00ed que debes estar segura. Los cupos no son transferibles. Al comprar el Curso o Taller tendr\u00e1s acceso a tu cuenta de estudiante con el correo [&hellip;]<\/p>\n","protected":false},"featured_media":1260,"template":"","meta":[],"product_brand":[],"product_cat":[39],"product_tag":[],"class_list":{"0":"post-907","1":"product","2":"type-product","3":"status-publish","4":"has-post-thumbnail","6":"product_cat-talleres","8":"first","9":"instock","10":"virtual","11":"sold-individually","12":"purchasable","13":"product-type-simple"},"_links":{"self":[{"href":"https:\/\/almasresonando.com\/online\/wp-json\/wp\/v2\/product\/907","targetHints":{"allow":["GET"]}}],"collection":[{"href":"https:\/\/almasresonando.com\/online\/wp-json\/wp\/v2\/product"}],"about":[{"href":"https:\/\/almasresonando.com\/online\/wp-json\/wp\/v2\/types\/product"}],"wp:featuredmedia":[{"embeddable":true,"href":"https:\/\/almasresonando.com\/online\/wp-json\/wp\/v2\/media\/1260"}],"wp:attachment":[{"href":"https:\/\/almasresonando.com\/online\/wp-json\/wp\/v2\/media?parent=907"}],"wp:term":[{"taxonomy":"product_brand","embeddable":true,"href":"https:\/\/almasresonando.com\/online\/wp-json\/wp\/v2\/product_brand?post=907"},{"taxonomy":"product_cat","embeddable":true,"href":"https:\/\/almasresonando.com\/online\/wp-json\/wp\/v2\/product_cat?post=907"},{"taxonomy":"product_tag","embeddable":true,"href":"https:\/\/almasresonando.com\/online\/wp-json\/wp\/v2\/product_tag?post=907"}],"curies":[{"name":"wp","href":"https:\/\/api.w.org\/{rel}","templated":true}]}}