{"id":1295,"date":"2026-03-18T19:26:00","date_gmt":"2026-03-18T19:26:00","guid":{"rendered":"https:\/\/almasresonando.com\/online\/producto\/ebook-sanacion-de-la-desconexion-en-la-pareja\/"},"modified":"2026-03-18T19:33:55","modified_gmt":"2026-03-18T19:33:55","slug":"ebook-sanacion-de-la-desconexion-en-la-pareja","status":"publish","type":"product","link":"https:\/\/almasresonando.com\/online\/producto\/ebook-sanacion-de-la-desconexion-en-la-pareja\/","title":{"rendered":"Ebook Sanaci\u00f3n de la Desconexi\u00f3n en la Pareja"},"content":{"rendered":"<p>Un proceso de 30 d\u00edas de reflexi\u00f3n y autoconocimiento para comprender la distancia emocional dentro de la relaci\u00f3n, reconectar contigo misma y transformar la forma en que te vinculas con el amor.<\/p>\n<hr \/>\n<p><span style=\"color: #ff0000;\"><strong>IMPORTANTE:<\/strong><\/span><\/p>\n<ul>\n<li><span style=\"color: #ff0000;\"><strong><em>No se realizan devoluciones, as\u00ed que debes estar segura.<\/em><\/strong><\/span><\/li>\n<li><span style=\"color: #ff0000;\"><strong><em> Tu cuenta se crea con el correo que registraste el pago<\/em><\/strong><\/span><\/li>\n<li><span style=\"color: #ff0000;\"><strong><em>Al comprar el Curso o Taller y el sistema valide el pago te llegar\u00e1 un correo con el link de descarga o puedes entrar a tu \u00e1rea de pagos y pedidos y descargarlo.<\/em><\/strong><\/span><\/li>\n<\/ul>\n","protected":false},"excerpt":{"rendered":"<p>Un proceso de 30 d\u00edas de reflexi\u00f3n y autoconocimiento para comprender la distancia emocional dentro de la relaci\u00f3n, reconectar contigo misma y transformar la forma en que te vinculas con el amor. IMPORTANTE: No se realizan devoluciones, as\u00ed que debes estar segura. Tu cuenta se crea con el correo que registraste el pago Al comprar [&hellip;]<\/p>\n","protected":false},"featured_media":1294,"template":"","meta":[],"product_brand":[],"product_cat":[44],"product_tag":[],"class_list":{"0":"post-1295","1":"product","2":"type-product","3":"status-publish","4":"has-post-thumbnail","6":"product_cat-ebooks","8":"first","9":"instock","10":"downloadable","11":"virtual","12":"sold-individually","13":"purchasable","14":"product-type-simple"},"_links":{"self":[{"href":"https:\/\/almasresonando.com\/online\/wp-json\/wp\/v2\/product\/1295","targetHints":{"allow":["GET"]}}],"collection":[{"href":"https:\/\/almasresonando.com\/online\/wp-json\/wp\/v2\/product"}],"about":[{"href":"https:\/\/almasresonando.com\/online\/wp-json\/wp\/v2\/types\/product"}],"wp:featuredmedia":[{"embeddable":true,"href":"https:\/\/almasresonando.com\/online\/wp-json\/wp\/v2\/media\/1294"}],"wp:attachment":[{"href":"https:\/\/almasresonando.com\/online\/wp-json\/wp\/v2\/media?parent=1295"}],"wp:term":[{"taxonomy":"product_brand","embeddable":true,"href":"https:\/\/almasresonando.com\/online\/wp-json\/wp\/v2\/product_brand?post=1295"},{"taxonomy":"product_cat","embeddable":true,"href":"https:\/\/almasresonando.com\/online\/wp-json\/wp\/v2\/product_cat?post=1295"},{"taxonomy":"product_tag","embeddable":true,"href":"https:\/\/almasresonando.com\/online\/wp-json\/wp\/v2\/product_tag?post=1295"}],"curies":[{"name":"wp","href":"https:\/\/api.w.org\/{rel}","templated":true}]}}