{"id":1285,"date":"2026-03-18T19:16:15","date_gmt":"2026-03-18T19:16:15","guid":{"rendered":"https:\/\/almasresonando.com\/online\/producto\/ebook-sanacion-de-la-infidelidad\/"},"modified":"2026-03-18T19:30:51","modified_gmt":"2026-03-18T19:30:51","slug":"ebook-sanacion-de-la-infidelidad","status":"publish","type":"product","link":"https:\/\/almasresonando.com\/online\/producto\/ebook-sanacion-de-la-infidelidad\/","title":{"rendered":"Ebook Sanaci\u00f3n de la Infidelidad"},"content":{"rendered":"<p>Este ebook te acompa\u00f1a en un proceso de 30 d\u00edas de reflexi\u00f3n y conciencia emocional para comprender el impacto de la traici\u00f3n, sanar tus emociones y reconectar con tu valor como mujer. Un camino para transformar el dolor en aprendizaje y recuperar tu poder interior.<\/p>\n<hr \/>\n<p><span style=\"color: #ff0000;\"><strong>IMPORTANTE:<\/strong><\/span><\/p>\n<ul>\n<li><span style=\"color: #ff0000;\"><strong><em>No se realizan devoluciones, as\u00ed que debes estar segura.<\/em><\/strong><\/span><\/li>\n<li><span style=\"color: #ff0000;\"><strong><em> Tu cuenta se crea con el correo que registraste el pago<\/em><\/strong><\/span><\/li>\n<li><span style=\"color: #ff0000;\"><strong><em>Al comprar el Curso o Taller y el sistema valide el pago te llegar\u00e1 un correo con el link de descarga o puedes entrar a tu \u00e1rea de pagos y pedidos y descargarlo.<\/em><\/strong><\/span><\/li>\n<\/ul>\n","protected":false},"excerpt":{"rendered":"<p>Este ebook te acompa\u00f1a en un proceso de 30 d\u00edas de reflexi\u00f3n y conciencia emocional para comprender el impacto de la traici\u00f3n, sanar tus emociones y reconectar con tu valor como mujer. Un camino para transformar el dolor en aprendizaje y recuperar tu poder interior. IMPORTANTE: No se realizan devoluciones, as\u00ed que debes estar segura. [&hellip;]<\/p>\n","protected":false},"featured_media":1281,"template":"","meta":[],"product_brand":[],"product_cat":[44],"product_tag":[],"class_list":{"0":"post-1285","1":"product","2":"type-product","3":"status-publish","4":"has-post-thumbnail","6":"product_cat-ebooks","8":"first","9":"instock","10":"downloadable","11":"virtual","12":"sold-individually","13":"purchasable","14":"product-type-simple"},"_links":{"self":[{"href":"https:\/\/almasresonando.com\/online\/wp-json\/wp\/v2\/product\/1285","targetHints":{"allow":["GET"]}}],"collection":[{"href":"https:\/\/almasresonando.com\/online\/wp-json\/wp\/v2\/product"}],"about":[{"href":"https:\/\/almasresonando.com\/online\/wp-json\/wp\/v2\/types\/product"}],"wp:featuredmedia":[{"embeddable":true,"href":"https:\/\/almasresonando.com\/online\/wp-json\/wp\/v2\/media\/1281"}],"wp:attachment":[{"href":"https:\/\/almasresonando.com\/online\/wp-json\/wp\/v2\/media?parent=1285"}],"wp:term":[{"taxonomy":"product_brand","embeddable":true,"href":"https:\/\/almasresonando.com\/online\/wp-json\/wp\/v2\/product_brand?post=1285"},{"taxonomy":"product_cat","embeddable":true,"href":"https:\/\/almasresonando.com\/online\/wp-json\/wp\/v2\/product_cat?post=1285"},{"taxonomy":"product_tag","embeddable":true,"href":"https:\/\/almasresonando.com\/online\/wp-json\/wp\/v2\/product_tag?post=1285"}],"curies":[{"name":"wp","href":"https:\/\/api.w.org\/{rel}","templated":true}]}}